{"id":1660,"date":"2022-08-01T21:42:56","date_gmt":"2022-08-02T00:42:56","guid":{"rendered":"https:\/\/noamconstrutora.com.br\/casaverdeeamarela\/?page_id=1660"},"modified":"2024-08-26T19:17:00","modified_gmt":"2024-08-26T22:17:00","slug":"quem-somos","status":"publish","type":"page","link":"https:\/\/noamconstrutora.com.br\/casaverdeeamarela\/quem-somos\/","title":{"rendered":"Quem Somos"},"content":{"rendered":"<p>Nossa trajet\u00f3ria de constru\u00e7\u00e3o e empreendedorismo no setor da constru\u00e7\u00e3o civil, se inicia na d\u00e9cada de 80. Atrav\u00e9s do patriarca Sergio Abramoff, empres\u00e1rio e empreendedor que iniciou o caminho, com a participa\u00e7\u00e3o em construtoras no litoral paulista, subindo arranha c\u00e9us.<\/p>\n<p>Na d\u00e9cada de 2000, mais precisamente em 2002, surge a CONSTRUTORA ABRAMOFF com a segunda gera\u00e7\u00e3o da fam\u00edlia. Inicia-se ent\u00e3o, a trajet\u00f3ria com obras para a constru\u00e7\u00e3o e incorpora\u00e7\u00e3o no in\u00edcio da d\u00e9cada de 2000, com algumas mudan\u00e7as na economia do pa\u00eds e a diversifica\u00e7\u00e3o em v\u00e1rios setores como petrol\u00edfero, transportes e outros ramos, algumas decis\u00f5es foram tomadas, a mudan\u00e7a para o interior paulista e o direcionamento \u00fanico para o setor da constru\u00e7\u00e3o.<\/p>\n<p>Ao longo das mais de duas d\u00e9cadas do grupo ABRAMOFF e at\u00e9 os dias atuais, foram feitas in\u00fameras obras, casas de casas populares e de alto padr\u00e3o. A partir do in\u00edcio dos anos 2010, come\u00e7aram a desbravar tamb\u00e9m as edifica\u00e7\u00f5es de alto padr\u00e3o no interior paulista, atendendo e explorando o potencial da cidade do interior paulista, Sorocaba.<\/p>\n<p>Com o nascimento dos programas habitacionais do governo federal em 2009, nasceu a oportunidade de o grupo expandir em escala. E ap\u00f3s 10 anos do programa, j\u00e1 s\u00e3o centenas de casas entregues.<\/p>\n<p>S\u00e3o residenciais com acabamentos superiores ao mercado, parcerias e direcionamentos ao cliente, nos tornaram l\u00edder no segmento que s\u00f3 cresce anualmente.<\/p>\n<p>No ano de 2019 ap\u00f3s uma s\u00e9rie de estudos e an\u00e1lises de oportunidades, lan\u00e7amos o mais novo segmento, o ALTO padr\u00e3o, que revolucionou a cidade e o mercado. Chamados de NOAM LUXURY HOME \u201ccasa\u201d, os empreendimentos s\u00e3o frutos do novo bra\u00e7o, o Grupo Abramoff Exclusive, que traz a arquitetura moderna, arrojada e personaliza\u00e7\u00e3o na sua ess\u00eancia, criando produtos \u00fanicos e totalmente diferenciados.<\/p>\n<p>Ao longo das d\u00e9cadas, entre crises e abund\u00e2ncia, inovadores em muitos segmentos, mas com uma gest\u00e3o de recursos conservadora. Atendendo a todos de forma igualit\u00e1ria, com transpar\u00eancia, verdade e honestidade em nossos neg\u00f3cios, cumprindo nossos compromissos e promessas, fazer bem feito, atitude para inovar, respeitando e reconhecendo as pessoas, sejam clientes, colaboradores, empresas parceiras, sempre valorizando e priorizando os parceiros do mercado de vendas, e acima de tudo uma paix\u00e3o por todos aqueles que acreditam n\u00f3s. Estes valores passados para as nossas gera\u00e7\u00f5es, que ir\u00e3o garantir com que o nosso futuro, tenha sempre continuidade no setor, \u00e9 o que plantamos hoje.<\/p>\n","protected":false},"excerpt":{"rendered":"<p>Nossa trajet\u00f3ria de constru\u00e7\u00e3o e empreendedorismo no setor da constru\u00e7\u00e3o civil, se inicia na d\u00e9cada de 80. Atrav\u00e9s do patriarca Sergio &#8230;<\/p>\n","protected":false},"author":1,"featured_media":0,"parent":0,"menu_order":0,"comment_status":"closed","ping_status":"closed","template":"","meta":{"footnotes":""},"class_list":["post-1660","page","type-page","status-publish","hentry"],"acf":[],"_links":{"self":[{"href":"https:\/\/noamconstrutora.com.br\/casaverdeeamarela\/wp-json\/wp\/v2\/pages\/1660","targetHints":{"allow":["GET"]}}],"collection":[{"href":"https:\/\/noamconstrutora.com.br\/casaverdeeamarela\/wp-json\/wp\/v2\/pages"}],"about":[{"href":"https:\/\/noamconstrutora.com.br\/casaverdeeamarela\/wp-json\/wp\/v2\/types\/page"}],"author":[{"embeddable":true,"href":"https:\/\/noamconstrutora.com.br\/casaverdeeamarela\/wp-json\/wp\/v2\/users\/1"}],"replies":[{"embeddable":true,"href":"https:\/\/noamconstrutora.com.br\/casaverdeeamarela\/wp-json\/wp\/v2\/comments?post=1660"}],"version-history":[{"count":3,"href":"https:\/\/noamconstrutora.com.br\/casaverdeeamarela\/wp-json\/wp\/v2\/pages\/1660\/revisions"}],"predecessor-version":[{"id":2099,"href":"https:\/\/noamconstrutora.com.br\/casaverdeeamarela\/wp-json\/wp\/v2\/pages\/1660\/revisions\/2099"}],"wp:attachment":[{"href":"https:\/\/noamconstrutora.com.br\/casaverdeeamarela\/wp-json\/wp\/v2\/media?parent=1660"}],"curies":[{"name":"wp","href":"https:\/\/api.w.org\/{rel}","templated":true}]}}