{"id":1753,"date":"2022-08-02T16:38:04","date_gmt":"2022-08-02T19:38:04","guid":{"rendered":"https:\/\/noamconstrutora.com.br\/casaverdeeamarela\/?page_id=1753"},"modified":"2022-08-02T16:39:16","modified_gmt":"2022-08-02T19:39:16","slug":"agendar-manutencao","status":"publish","type":"page","link":"https:\/\/noamconstrutora.com.br\/casaverdeeamarela\/agendar-manutencao\/","title":{"rendered":"Agendar Manuten\u00e7\u00e3o"},"content":{"rendered":"\t\t<div data-elementor-type=\"wp-page\" data-elementor-id=\"1753\" class=\"elementor elementor-1753\" data-elementor-post-type=\"page\">\n\t\t\t\t\t\t<section class=\"elementor-section elementor-top-section elementor-element elementor-element-1e34505 elementor-section-full_width elementor-section-height-default elementor-section-height-default\" data-id=\"1e34505\" data-element_type=\"section\">\n\t\t\t\t\t\t<div class=\"elementor-container elementor-column-gap-default\">\n\t\t\t\t\t<div class=\"elementor-column elementor-col-66 elementor-top-column elementor-element elementor-element-16afc7e\" data-id=\"16afc7e\" data-element_type=\"column\">\n\t\t\t<div class=\"elementor-widget-wrap elementor-element-populated\">\n\t\t\t\t\t\t<div class=\"elementor-element elementor-element-5dcbe96 elementor-widget elementor-widget-wpc-custom-heading\" data-id=\"5dcbe96\" data-element_type=\"widget\" data-widget_type=\"wpc-custom-heading.default\">\n\t\t\t\t<div class=\"elementor-widget-container\">\n\t\t\t\t\t\n        <div class=\"custom-heading wpb_content_element \">\n            <h2 class=\"heading-title\" >Agendar Manuten\u00e7\u00e3o<\/h2>\n            <span class=\"heading-line primary\"><\/span>\n        <\/div>\t\t\t\t<\/div>\n\t\t\t\t<\/div>\n\t\t\t\t<div class=\"elementor-element elementor-element-79f1a8b elementor-widget elementor-widget-formidable\" data-id=\"79f1a8b\" data-element_type=\"widget\" data-widget_type=\"formidable.default\">\n\t\t\t\t<div class=\"elementor-widget-container\">\n\t\t\t\t\t<div class=\"frm_forms  with_frm_style frm_style_formidable-style\" id=\"frm_form_4_container\" >\n<form enctype=\"multipart\/form-data\" method=\"post\" class=\"frm-show-form  frm_js_validate  frm_pro_form  frm_ajax_submit \" id=\"form_agendar-manutencao\" >\n<div class=\"frm_form_fields \">\n<fieldset>\n<legend class=\"frm_screen_reader\">Agendar manuten\u00e7\u00e3o<\/legend>\r\n\r\n<div class=\"frm_fields_container\">\n<input type=\"hidden\" name=\"frm_action\" value=\"create\" \/>\n<input type=\"hidden\" name=\"form_id\" value=\"4\" \/>\n<input type=\"hidden\" name=\"frm_hide_fields_4\" id=\"frm_hide_fields_4\" value=\"\" \/>\n<input type=\"hidden\" name=\"form_key\" value=\"agendar-manutencao\" \/>\n<input type=\"hidden\" name=\"item_meta[0]\" value=\"\" \/>\n<input type=\"hidden\" id=\"frm_submit_entry_4\" name=\"frm_submit_entry_4\" value=\"69002764f4\" \/><input type=\"hidden\" name=\"_wp_http_referer\" value=\"\/casaverdeeamarela\/wp-json\/wp\/v2\/pages\/1753\" \/><div id=\"frm_field_18_container\" class=\"frm_form_field form-field  frm_required_field frm_top_container frm_full\">\r\n    <label for=\"field_qh4icy222\" id=\"field_qh4icy222_label\" class=\"frm_primary_label\">Nome\r\n        <span class=\"frm_required\">*<\/span>\r\n    <\/label>\r\n    <input type=\"text\" id=\"field_qh4icy222\" name=\"item_meta[18]\" value=\"\"  data-reqmsg=\"Este campo n\u00e3o pode ficar em branco.\" aria-required=\"true\" data-invmsg=\"Name is invalid\" aria-invalid=\"false\"  \/>\r\n    \r\n    \r\n<\/div>\n<div id=\"frm_field_19_container\" class=\"frm_form_field form-field  frm_top_container frm_first frm_half\">\r\n    <label for=\"field_29yf4d222\" id=\"field_29yf4d222_label\" class=\"frm_primary_label\">E-mail\r\n        <span class=\"frm_required\"><\/span>\r\n    <\/label>\r\n    <input type=\"email\" id=\"field_29yf4d222\" name=\"item_meta[19]\" value=\"\"  data-invmsg=\"Please enter a valid email address\" aria-invalid=\"false\"  \/>\r\n    \r\n    \r\n<\/div>\n<div id=\"frm_field_20_container\" class=\"frm_form_field form-field  frm_required_field frm_top_container frm_half\">\r\n    <label for=\"field_ocfup12\" id=\"field_ocfup12_label\" class=\"frm_primary_label\">Telefone \/ Whatsapp\r\n        <span class=\"frm_required\">*<\/span>\r\n    <\/label>\r\n    <input type=\"tel\" id=\"field_ocfup12\" name=\"item_meta[20]\" value=\"\"  data-frmmask=\"(99) 99999 - 9999\" data-reqmsg=\"Este campo n\u00e3o pode ficar em branco.\" aria-required=\"true\" data-invmsg=\"Last is invalid\" aria-invalid=\"false\" pattern=\"\\(\\d\\d\\) \\d\\d\\d\\d\\d - \\d\\d\\d\\d$\"  \/>\r\n    \r\n    \r\n<\/div>\n<div id=\"frm_field_21_container\" class=\"frm_form_field form-field  frm_required_field frm_top_container frm_two_thirds frm_first\">\r\n    <label for=\"field_py4vo\" id=\"field_py4vo_label\" class=\"frm_primary_label\">Nome do Empreendimento\r\n        <span class=\"frm_required\">*<\/span>\r\n    <\/label>\r\n    <input type=\"text\" id=\"field_py4vo\" name=\"item_meta[21]\" value=\"\"  data-reqmsg=\"Este campo n\u00e3o pode ficar em branco\" aria-required=\"true\" data-invmsg=\"Text is invalid\" aria-invalid=\"false\"  \/>\r\n    \r\n    \r\n<\/div>\n<div id=\"frm_field_22_container\" class=\"frm_form_field form-field  frm_required_field frm_top_container frm_third\">\r\n    <label for=\"field_1a3\" id=\"field_1a3_label\" class=\"frm_primary_label\">Apartamento\r\n        <span class=\"frm_required\">*<\/span>\r\n    <\/label>\r\n    <input type=\"text\" id=\"field_1a3\" name=\"item_meta[22]\" value=\"\"  data-reqmsg=\"O Apartamento n\u00e3o pode ficar em branco.\" aria-required=\"true\" data-invmsg=\"Text is invalid\" aria-invalid=\"false\"  \/>\r\n    \r\n    \r\n<\/div>\n<div id=\"frm_field_23_container\" class=\"frm_form_field form-field  frm_required_field frm_top_container\">\r\n    <div  id=\"field_8dfzr_label\" class=\"frm_primary_label\">Enviar Anexo\r\n        <span class=\"frm_required\">*<\/span>\r\n    <\/div>\r\n    <input type=\"hidden\" name=\"item_meta[23][]\"  data-reqmsg=\"O Enviar Anexo n\u00e3o pode ficar em branco.\"  value=\"\" data-frmfile=\"23\" \/>\n\n<div class=\"frm_dropzone frm_multi_upload frm_clearfix\" id=\"file23_dropzone\" role=\"group\" >\n\t<div class=\"fallback\">\n\t\t<input type=\"file\" name=\"file23[]\" id=\"field_8dfzr\"\n\t\t\t data-frmfile=\"23\" multiple=\"multiple\"  data-reqmsg=\"O Enviar Anexo n\u00e3o pode ficar em branco.\" data-invmsg=\"O formato do arquivo para envio \u00e9 inv\u00e1lido.\" class=\"auto_width\" aria-invalid=\"false\"  \t\t\t\/>\n\t\t\t\t<div class=\"frm_clearfix \"><\/div>\n\t<\/div>\n\t<div class=\"dz-message needsclick\">\n\t\t<span class=\"frm_icon_font frm_upload_icon\"><\/span>\n\t\t<span class=\"frm_upload_text\"><button type=\"button\">Arraste o arquivo aqui ou clique para carregar<\/button><\/span>\n\t\t<span class=\"frm_compact_text\"><button type=\"button\">Escolher arquivo<\/button><\/span>\n\t\t<div class=\"frm_small_text\">\n\t\t\tTamanho m\u00e1ximo do arquivo: 10MB\t\t<\/div>\n\t<\/div>\n<\/div>\n\r\n    \r\n    \r\n<\/div>\n<div id=\"frm_field_24_container\" class=\"frm_form_field form-field  frm_required_field frm_top_container frm_full\">\r\n    <label for=\"field_9jv0r1222\" id=\"field_9jv0r1222_label\" class=\"frm_primary_label\">Mensagem\r\n        <span class=\"frm_required\">*<\/span>\r\n    <\/label>\r\n    <textarea name=\"item_meta[24]\" id=\"field_9jv0r1222\" rows=\"5\"  data-reqmsg=\"Este campo n\u00e3o pode ficar em branco.\" aria-required=\"true\" data-invmsg=\"Mensagem \u00e9 inv\u00e1lido\" aria-invalid=\"false\"  ><\/textarea>\r\n    \r\n    \r\n<\/div>\n<div id=\"frm_field_25_container\" class=\"frm_form_field form-field  frm_none_container\">\r\n    <div  id=\"field_jbgmh_label\" class=\"frm_primary_label\">\r\n        <span class=\"frm_required\"><\/span>\r\n    <\/div>\r\n    \r\n    \r\n    \r\n<\/div>\n\t<input type=\"hidden\" name=\"item_key\" value=\"\" \/>\n\t\t\t\t<div class=\"frm__66b416634db6b\">\n\t\t\t\t<label for=\"frm_email_4\" >\n\t\t\t\t\tSe voc\u00ea \u00e9 humano, deixe este campo em branco.\t\t\t\t<\/label>\n\t\t\t\t<input  id=\"frm_email_4\" type=\"text\" class=\"frm_verify\" name=\"frm__66b416634db6b\" value=\"\" autocomplete=\"off\"  \/>\n\t\t\t<\/div>\n\t\t<input name=\"frm_state\" type=\"hidden\" value=\"XxnZlHbYJ9RYYhPHKouAGh\/hQ7R+pLDPNrnZMBzXGrg=\" \/><div class=\"frm_submit\">\r\n\r\n<button class=\"frm_button_submit frm_final_submit\" type=\"submit\"  >Submit<\/button>\r\n\r\n<\/div><\/div>\n<\/fieldset>\n<\/div>\n\n<\/form>\n<\/div>\n\t\t\t\t<\/div>\n\t\t\t\t<\/div>\n\t\t\t\t\t<\/div>\n\t\t<\/div>\n\t\t\t\t<div class=\"elementor-column elementor-col-33 elementor-top-column elementor-element elementor-element-28e67c7\" data-id=\"28e67c7\" data-element_type=\"column\">\n\t\t\t<div class=\"elementor-widget-wrap elementor-element-populated\">\n\t\t\t\t\t\t<section class=\"elementor-section elementor-inner-section elementor-element elementor-element-2f6aa85 elementor-section-boxed elementor-section-height-default elementor-section-height-default\" data-id=\"2f6aa85\" data-element_type=\"section\">\n\t\t\t\t\t\t<div class=\"elementor-container elementor-column-gap-default\">\n\t\t\t\t\t<div class=\"elementor-column elementor-col-50 elementor-inner-column elementor-element elementor-element-4abd073\" data-id=\"4abd073\" data-element_type=\"column\">\n\t\t\t<div class=\"elementor-widget-wrap elementor-element-populated\">\n\t\t\t\t\t\t<div class=\"elementor-element elementor-element-4223223 elementor-widget elementor-widget-wpc-custom-heading\" data-id=\"4223223\" data-element_type=\"widget\" data-widget_type=\"wpc-custom-heading.default\">\n\t\t\t\t<div class=\"elementor-widget-container\">\n\t\t\t\t\t\n        <div class=\"custom-heading wpb_content_element  heading-medium\">\n            <h2 class=\"heading-title\" >Endere\u00e7o<\/h2>\n            <span class=\"heading-line primary\"><\/span>\n        <\/div>\t\t\t\t<\/div>\n\t\t\t\t<\/div>\n\t\t\t\t<div class=\"elementor-element elementor-element-33b7be7 elementor-widget elementor-widget-global elementor-global-1740 elementor-widget-text-editor\" data-id=\"33b7be7\" data-element_type=\"widget\" data-widget_type=\"text-editor.default\">\n\t\t\t\t<div class=\"elementor-widget-container\">\n\t\t\t\t\t\t\t\t\t<p><strong>Rua Aparecida N.45<\/strong><br \/><strong>CEP 18095.000<\/strong><br \/><strong>Santa Ros\u00e1lia<\/strong><br \/><strong>Sorocaba &#8211; SP<\/strong><\/p>\t\t\t\t\t\t\t\t<\/div>\n\t\t\t\t<\/div>\n\t\t\t\t\t<\/div>\n\t\t<\/div>\n\t\t\t\t<div class=\"elementor-column elementor-col-50 elementor-inner-column elementor-element elementor-element-633d518\" data-id=\"633d518\" data-element_type=\"column\">\n\t\t\t<div class=\"elementor-widget-wrap elementor-element-populated\">\n\t\t\t\t\t\t<div class=\"elementor-element elementor-element-1c9b45d elementor-widget elementor-widget-wpc-custom-heading\" data-id=\"1c9b45d\" data-element_type=\"widget\" data-widget_type=\"wpc-custom-heading.default\">\n\t\t\t\t<div class=\"elementor-widget-container\">\n\t\t\t\t\t\n        <div class=\"custom-heading wpb_content_element  heading-medium\">\n            <h2 class=\"heading-title\" >Telefones e E-mails<\/h2>\n            <span class=\"heading-line primary\"><\/span>\n        <\/div>\t\t\t\t<\/div>\n\t\t\t\t<\/div>\n\t\t\t\t<div class=\"elementor-element elementor-element-00680bd elementor-widget elementor-widget-global elementor-global-1743 elementor-widget-text-editor\" data-id=\"00680bd\" data-element_type=\"widget\" data-widget_type=\"text-editor.default\">\n\t\t\t\t<div class=\"elementor-widget-container\">\n\t\t\t\t\t\t\t\t\t<p><strong>Celular 15.4141-0370<br>E-mail: atendimento@noamconstrutora.com.br<\/strong><\/p>\t\t\t\t\t\t\t\t<\/div>\n\t\t\t\t<\/div>\n\t\t\t\t\t<\/div>\n\t\t<\/div>\n\t\t\t\t\t<\/div>\n\t\t<\/section>\n\t\t\t\t\t<\/div>\n\t\t<\/div>\n\t\t\t\t\t<\/div>\n\t\t<\/section>\n\t\t\t\t<\/div>\n\t\t","protected":false},"excerpt":{"rendered":"<p>Agendar Manuten\u00e7\u00e3o Agendar manuten\u00e7\u00e3o Nome * E-mail Telefone \/ Whatsapp * Nome do Empreendimento * Apartamento * Enviar Anexo * Arraste &#8230;<\/p>\n","protected":false},"author":1,"featured_media":0,"parent":0,"menu_order":0,"comment_status":"closed","ping_status":"closed","template":"","meta":{"footnotes":""},"class_list":["post-1753","page","type-page","status-publish","hentry"],"acf":[],"_links":{"self":[{"href":"https:\/\/noamconstrutora.com.br\/casaverdeeamarela\/wp-json\/wp\/v2\/pages\/1753","targetHints":{"allow":["GET"]}}],"collection":[{"href":"https:\/\/noamconstrutora.com.br\/casaverdeeamarela\/wp-json\/wp\/v2\/pages"}],"about":[{"href":"https:\/\/noamconstrutora.com.br\/casaverdeeamarela\/wp-json\/wp\/v2\/types\/page"}],"author":[{"embeddable":true,"href":"https:\/\/noamconstrutora.com.br\/casaverdeeamarela\/wp-json\/wp\/v2\/users\/1"}],"replies":[{"embeddable":true,"href":"https:\/\/noamconstrutora.com.br\/casaverdeeamarela\/wp-json\/wp\/v2\/comments?post=1753"}],"version-history":[{"count":5,"href":"https:\/\/noamconstrutora.com.br\/casaverdeeamarela\/wp-json\/wp\/v2\/pages\/1753\/revisions"}],"predecessor-version":[{"id":1762,"href":"https:\/\/noamconstrutora.com.br\/casaverdeeamarela\/wp-json\/wp\/v2\/pages\/1753\/revisions\/1762"}],"wp:attachment":[{"href":"https:\/\/noamconstrutora.com.br\/casaverdeeamarela\/wp-json\/wp\/v2\/media?parent=1753"}],"curies":[{"name":"wp","href":"https:\/\/api.w.org\/{rel}","templated":true}]}}