{"id":1761,"date":"2022-08-02T16:40:33","date_gmt":"2022-08-02T19:40:33","guid":{"rendered":"https:\/\/noamconstrutora.com.br\/casaverdeeamarela\/?page_id=1761"},"modified":"2022-08-02T16:43:25","modified_gmt":"2022-08-02T19:43:25","slug":"fale-com-a-administracao","status":"publish","type":"page","link":"https:\/\/noamconstrutora.com.br\/casaverdeeamarela\/fale-com-a-administracao\/","title":{"rendered":"Fale com a Administra\u00e7\u00e3o"},"content":{"rendered":"\t\t<div data-elementor-type=\"wp-page\" data-elementor-id=\"1761\" class=\"elementor elementor-1761\" data-elementor-post-type=\"page\">\n\t\t\t\t\t\t<section class=\"elementor-section elementor-top-section elementor-element elementor-element-1e34505 elementor-section-full_width elementor-section-height-default elementor-section-height-default\" data-id=\"1e34505\" data-element_type=\"section\">\n\t\t\t\t\t\t<div class=\"elementor-container elementor-column-gap-default\">\n\t\t\t\t\t<div class=\"elementor-column elementor-col-66 elementor-top-column elementor-element elementor-element-16afc7e\" data-id=\"16afc7e\" data-element_type=\"column\">\n\t\t\t<div class=\"elementor-widget-wrap elementor-element-populated\">\n\t\t\t\t\t\t<div class=\"elementor-element elementor-element-5dcbe96 elementor-widget elementor-widget-wpc-custom-heading\" data-id=\"5dcbe96\" data-element_type=\"widget\" data-widget_type=\"wpc-custom-heading.default\">\n\t\t\t\t<div class=\"elementor-widget-container\">\n\t\t\t\t\t\n        <div class=\"custom-heading wpb_content_element \">\n            <h2 class=\"heading-title\" >Fale com a Administra\u00e7\u00e3o<\/h2>\n            <span class=\"heading-line primary\"><\/span>\n        <\/div>\t\t\t\t<\/div>\n\t\t\t\t<\/div>\n\t\t\t\t<div class=\"elementor-element elementor-element-79f1a8b elementor-widget elementor-widget-formidable\" data-id=\"79f1a8b\" data-element_type=\"widget\" data-widget_type=\"formidable.default\">\n\t\t\t\t<div class=\"elementor-widget-container\">\n\t\t\t\t\t<div class=\"frm_forms  with_frm_style frm_style_formidable-style\" id=\"frm_form_5_container\" >\n<form enctype=\"multipart\/form-data\" method=\"post\" class=\"frm-show-form  frm_pro_form \" id=\"form_fale-conosco\" >\n<div class=\"frm_form_fields \">\n<fieldset>\n<legend class=\"frm_screen_reader\">Fale Conosco<\/legend>\r\n\r\n<div class=\"frm_fields_container\">\n<input type=\"hidden\" name=\"frm_action\" value=\"create\" \/>\n<input type=\"hidden\" name=\"form_id\" value=\"5\" \/>\n<input type=\"hidden\" name=\"frm_hide_fields_5\" id=\"frm_hide_fields_5\" value=\"\" \/>\n<input type=\"hidden\" name=\"form_key\" value=\"fale-conosco\" \/>\n<input type=\"hidden\" name=\"item_meta[0]\" value=\"\" \/>\n<input type=\"hidden\" id=\"frm_submit_entry_5\" name=\"frm_submit_entry_5\" value=\"69002764f4\" \/><input type=\"hidden\" name=\"_wp_http_referer\" value=\"\/casaverdeeamarela\/wp-json\/wp\/v2\/pages\/1761\" \/><div id=\"frm_field_26_container\" class=\"frm_form_field form-field  frm_required_field frm_inside_container frm_full\">\r\n    <label for=\"field_qh4icy23\" id=\"field_qh4icy23_label\" class=\"frm_primary_label\">Nome\r\n        <span class=\"frm_required\">*<\/span>\r\n    <\/label>\r\n    <input type=\"text\" id=\"field_qh4icy23\" name=\"item_meta[26]\" value=\"\"  data-reqmsg=\"Este campo n\u00e3o pode ficar em branco.\" aria-required=\"true\" data-invmsg=\"Name is invalid\" aria-invalid=\"false\"  \/>\r\n    \r\n    \r\n<\/div>\n<div id=\"frm_field_27_container\" class=\"frm_form_field form-field  frm_required_field frm_inside_container frm_full\">\r\n    <label for=\"field_29yf4d23\" id=\"field_29yf4d23_label\" class=\"frm_primary_label\">E-mail\r\n        <span class=\"frm_required\">*<\/span>\r\n    <\/label>\r\n    <input type=\"email\" id=\"field_29yf4d23\" name=\"item_meta[27]\" value=\"\"  data-reqmsg=\"Este campo n\u00e3o pode ficar em branco.\" aria-required=\"true\" data-invmsg=\"Please enter a valid email address\" aria-invalid=\"false\"  \/>\r\n    \r\n    \r\n<\/div>\n<div id=\"frm_field_28_container\" class=\"frm_form_field form-field  frm_required_field frm_inside_container\">\r\n    <label for=\"field_tblvq\" id=\"field_tblvq_label\" class=\"frm_primary_label\">Telefone\r\n        <span class=\"frm_required\">*<\/span>\r\n    <\/label>\r\n    <input type=\"tel\" id=\"field_tblvq\" name=\"item_meta[28]\" value=\"\"  data-reqmsg=\"O Telefone n\u00e3o pode ficar em branco.\" aria-required=\"true\" data-invmsg=\"Phone is invalid\" aria-invalid=\"false\" pattern=\"((\\+\\d{1,3}(-|.| )?\\(?\\d\\)?(-| |.)?\\d{1,5})|(\\(?\\d{2,6}\\)?))(-|.| )?(\\d{3,4})(-|.| )?(\\d{4})(( x| ext)\\d{1,5}){0,1}$\"  \/>\r\n    \r\n    \r\n<\/div>\n<div id=\"frm_field_29_container\" class=\"frm_form_field form-field  frm_required_field frm_inside_container\">\r\n    <label for=\"field_i4c8y\" id=\"field_i4c8y_label\" class=\"frm_primary_label\">Setor\r\n        <span class=\"frm_required\">*<\/span>\r\n    <\/label>\r\n    \t\t<select name=\"item_meta[29]\" id=\"field_i4c8y\"  data-reqmsg=\"O Setor n\u00e3o pode ficar em branco.\" aria-required=\"true\" data-invmsg=\"Setor \u00e9 inv\u00e1lido\" aria-invalid=\"false\"  >\n\t\t<option  value=\"Compras\">Compras<\/option><option  value=\"Comercial\">Comercial<\/option><option  value=\"Financeiro\">Financeiro<\/option><option  value=\"Marketing\">Marketing<\/option><option  value=\"Recursos Humanos\">Recursos Humanos<\/option><option  value=\"Log\u00edstica\">Log\u00edstica<\/option><option  value=\"Ger\u00eancia\">Ger\u00eancia<\/option>\t<\/select>\n\t\r\n    \r\n    \r\n<\/div>\n<div id=\"frm_field_30_container\" class=\"frm_form_field form-field  frm_required_field frm_top_container frm_full\">\r\n    <label for=\"field_9jv0r123\" id=\"field_9jv0r123_label\" class=\"frm_primary_label\">Mensagem\r\n        <span class=\"frm_required\">*<\/span>\r\n    <\/label>\r\n    <textarea name=\"item_meta[30]\" id=\"field_9jv0r123\" rows=\"5\"  data-reqmsg=\"Este campo n\u00e3o pode ficar em branco.\" aria-required=\"true\" data-invmsg=\"Mensagem \u00e9 inv\u00e1lido\" aria-invalid=\"false\"  ><\/textarea>\r\n    \r\n    \r\n<\/div>\n<div id=\"frm_field_31_container\" class=\"frm_form_field form-field  frm_none_container\">\r\n    <div  id=\"field_zv1pe_label\" class=\"frm_primary_label\">reCAPTCHA\r\n        <span class=\"frm_required\"><\/span>\r\n    <\/div>\r\n    \r\n    \r\n    \r\n<\/div>\n\t<input type=\"hidden\" name=\"item_key\" value=\"\" \/>\n\t\t\t\t<div class=\"frm__66b416634db6b\">\n\t\t\t\t<label for=\"frm_email_5\" >\n\t\t\t\t\tSe voc\u00ea \u00e9 humano, deixe este campo em branco.\t\t\t\t<\/label>\n\t\t\t\t<input  id=\"frm_email_5\" type=\"text\" class=\"frm_verify\" name=\"frm__66b416634db6b\" value=\"\" autocomplete=\"off\"  \/>\n\t\t\t<\/div>\n\t\t<input name=\"frm_state\" type=\"hidden\" value=\"XxnZlHbYJ9RYYhPHKouAGh\/hQ7R+pLDPNrnZMBzXGrg=\" \/><div class=\"frm_submit\">\r\n\r\n<button class=\"frm_button_submit frm_final_submit\" type=\"submit\"  >Submit<\/button>\r\n\r\n<\/div><\/div>\n<\/fieldset>\n<\/div>\n\n<\/form>\n<\/div>\n\t\t\t\t<\/div>\n\t\t\t\t<\/div>\n\t\t\t\t\t<\/div>\n\t\t<\/div>\n\t\t\t\t<div class=\"elementor-column elementor-col-33 elementor-top-column elementor-element elementor-element-28e67c7\" data-id=\"28e67c7\" data-element_type=\"column\">\n\t\t\t<div class=\"elementor-widget-wrap elementor-element-populated\">\n\t\t\t\t\t\t<section class=\"elementor-section elementor-inner-section elementor-element elementor-element-2f6aa85 elementor-section-boxed elementor-section-height-default elementor-section-height-default\" data-id=\"2f6aa85\" data-element_type=\"section\">\n\t\t\t\t\t\t<div class=\"elementor-container elementor-column-gap-default\">\n\t\t\t\t\t<div class=\"elementor-column elementor-col-50 elementor-inner-column elementor-element elementor-element-4abd073\" data-id=\"4abd073\" data-element_type=\"column\">\n\t\t\t<div class=\"elementor-widget-wrap elementor-element-populated\">\n\t\t\t\t\t\t<div class=\"elementor-element elementor-element-4223223 elementor-widget elementor-widget-wpc-custom-heading\" data-id=\"4223223\" data-element_type=\"widget\" data-widget_type=\"wpc-custom-heading.default\">\n\t\t\t\t<div class=\"elementor-widget-container\">\n\t\t\t\t\t\n        <div class=\"custom-heading wpb_content_element  heading-medium\">\n            <h2 class=\"heading-title\" >Endere\u00e7o<\/h2>\n            <span class=\"heading-line primary\"><\/span>\n        <\/div>\t\t\t\t<\/div>\n\t\t\t\t<\/div>\n\t\t\t\t<div class=\"elementor-element elementor-element-33b7be7 elementor-widget elementor-widget-global elementor-global-1740 elementor-widget-text-editor\" data-id=\"33b7be7\" data-element_type=\"widget\" data-widget_type=\"text-editor.default\">\n\t\t\t\t<div class=\"elementor-widget-container\">\n\t\t\t\t\t\t\t\t\t<p><strong>Rua Aparecida N.45<\/strong><br \/><strong>CEP 18095.000<\/strong><br \/><strong>Santa Ros\u00e1lia<\/strong><br \/><strong>Sorocaba &#8211; SP<\/strong><\/p>\t\t\t\t\t\t\t\t<\/div>\n\t\t\t\t<\/div>\n\t\t\t\t\t<\/div>\n\t\t<\/div>\n\t\t\t\t<div class=\"elementor-column elementor-col-50 elementor-inner-column elementor-element elementor-element-633d518\" data-id=\"633d518\" data-element_type=\"column\">\n\t\t\t<div class=\"elementor-widget-wrap elementor-element-populated\">\n\t\t\t\t\t\t<div class=\"elementor-element elementor-element-1c9b45d elementor-widget elementor-widget-wpc-custom-heading\" data-id=\"1c9b45d\" data-element_type=\"widget\" data-widget_type=\"wpc-custom-heading.default\">\n\t\t\t\t<div class=\"elementor-widget-container\">\n\t\t\t\t\t\n        <div class=\"custom-heading wpb_content_element  heading-medium\">\n            <h2 class=\"heading-title\" >Telefones e E-mails<\/h2>\n            <span class=\"heading-line primary\"><\/span>\n        <\/div>\t\t\t\t<\/div>\n\t\t\t\t<\/div>\n\t\t\t\t<div class=\"elementor-element elementor-element-00680bd elementor-widget elementor-widget-global elementor-global-1743 elementor-widget-text-editor\" data-id=\"00680bd\" data-element_type=\"widget\" data-widget_type=\"text-editor.default\">\n\t\t\t\t<div class=\"elementor-widget-container\">\n\t\t\t\t\t\t\t\t\t<p><strong>Celular 15.4141-0370<br>E-mail: atendimento@noamconstrutora.com.br<\/strong><\/p>\t\t\t\t\t\t\t\t<\/div>\n\t\t\t\t<\/div>\n\t\t\t\t\t<\/div>\n\t\t<\/div>\n\t\t\t\t\t<\/div>\n\t\t<\/section>\n\t\t\t\t\t<\/div>\n\t\t<\/div>\n\t\t\t\t\t<\/div>\n\t\t<\/section>\n\t\t\t\t<\/div>\n\t\t","protected":false},"excerpt":{"rendered":"<p>Fale com a Administra\u00e7\u00e3o Fale Conosco Nome * E-mail * Telefone * Setor * Compras Comercial Financeiro Marketing Recursos Humanos Log\u00edstica &#8230;<\/p>\n","protected":false},"author":1,"featured_media":0,"parent":0,"menu_order":0,"comment_status":"closed","ping_status":"closed","template":"","meta":{"footnotes":""},"class_list":["post-1761","page","type-page","status-publish","hentry"],"acf":[],"_links":{"self":[{"href":"https:\/\/noamconstrutora.com.br\/casaverdeeamarela\/wp-json\/wp\/v2\/pages\/1761","targetHints":{"allow":["GET"]}}],"collection":[{"href":"https:\/\/noamconstrutora.com.br\/casaverdeeamarela\/wp-json\/wp\/v2\/pages"}],"about":[{"href":"https:\/\/noamconstrutora.com.br\/casaverdeeamarela\/wp-json\/wp\/v2\/types\/page"}],"author":[{"embeddable":true,"href":"https:\/\/noamconstrutora.com.br\/casaverdeeamarela\/wp-json\/wp\/v2\/users\/1"}],"replies":[{"embeddable":true,"href":"https:\/\/noamconstrutora.com.br\/casaverdeeamarela\/wp-json\/wp\/v2\/comments?post=1761"}],"version-history":[{"count":4,"href":"https:\/\/noamconstrutora.com.br\/casaverdeeamarela\/wp-json\/wp\/v2\/pages\/1761\/revisions"}],"predecessor-version":[{"id":1779,"href":"https:\/\/noamconstrutora.com.br\/casaverdeeamarela\/wp-json\/wp\/v2\/pages\/1761\/revisions\/1779"}],"wp:attachment":[{"href":"https:\/\/noamconstrutora.com.br\/casaverdeeamarela\/wp-json\/wp\/v2\/media?parent=1761"}],"curies":[{"name":"wp","href":"https:\/\/api.w.org\/{rel}","templated":true}]}}