{"id":229,"date":"2015-07-27T03:29:01","date_gmt":"2015-07-27T03:29:01","guid":{"rendered":"http:\/\/demo.oceanthemes.net\/archi\/?page_id=229"},"modified":"2022-09-02T17:48:38","modified_gmt":"2022-09-02T20:48:38","slug":"sobre-nos","status":"publish","type":"page","link":"https:\/\/noamconstrutora.com.br\/luxurious\/sobre-nos\/","title":{"rendered":"Sobre N\u00f3s"},"content":{"rendered":"<div class=\"wpb-content-wrapper\"><p>[vc_row fullwidth=&#8221;yes&#8221; css=&#8221;.vc_custom_1474447060420{background-position: 0 0 !important;background-repeat: no-repeat !important;}&#8221; el_class=&#8221;side-bg no-padding&#8221;][vc_column]\t<!-- Element: OT Quick Office -->\n\t<div class=\"side-bg\">\n\n\t\t<div class=\"image-container hidden-xs pull-left col-md-5\" style=\"background-image:url(https:\/\/noamconstrutora.com.br\/luxurious\/wp-content\/uploads\/2015\/07\/bg-side-11.jpg); ?>\" data-delay=\"0\"><\/div>\n\n\t\t<!-- Added this code in 26\/03\/2019 -->\n\t\t<img decoding=\"async\" class=\"visible-xs img-responsive\" src=\"https:\/\/noamconstrutora.com.br\/luxurious\/wp-content\/uploads\/2015\/07\/bg-side-11.jpg\" \/>\n\n        <div class=\"container\">\n            <div class=\"row\">\n                <div class=\"inner-padding\">\n                    <div class=\"col-md-6 col-md-offset-6 wow fadeInRight\" data-wow-delay=\".2s\">\n                        <h2>Quem Somos<\/h2><br\/>\n                        Nasce um novo seguimento do Grupo Noam, que vem inovando e evoluindo com as tend\u00eancias de mercado, sustentabilidade, praticidade e leveza, com a\u00e7\u00f5es continuas em rotinas para com nossos colaboradores, aperfei\u00e7oamento desde 2010.<\/p>\n<p>O GP Noam surgiu para atender sonho, desejos e realizar uma verdadeira transforma\u00e7\u00e3o completa no cen\u00e1rio da constru\u00e7\u00e3o. Assim construindo verdadeiras obras de arte em forma de edifica\u00e7\u00f5es, de forma seleta, nas melhores localiza\u00e7\u00f5es da cidade, buscando um valor inestim\u00e1vel de um produto \u00fanico, como uma verdadeira obra prima.<\/p>\n<p>Com o prenome \u201dLUXURY HOME\u201d, que significa Casa, luxo, estes empreendimentos s\u00e3o sempre inspiradores ao mercado por inteiro, criando novas tend\u00eancias de linhas buscadas no que a h\u00e1 de mais moderno e luxuoso no ramo das edifica\u00e7\u00f5es. A ess\u00eancia nasce de informa\u00e7\u00f5es e experi\u00eancias, das necessidades dos nossos clientes, que geram uma pedra \u00fanica, como um diamante, in\u00e9dito e com valor agregado eterno.<\/p>\n<p>Proporcionar a felicidade e realiza\u00e7\u00e3o na vida dos nossos clientes, que s\u00e3o nossos verdadeiros, frutos de inspira\u00e7\u00e3o, nossos clientes e parceiros que nos acompanham nessa empreitada. Nos inspirando a continuar sendo o representante leg\u00edtimo do seu investimento imobili\u00e1rio.<\/p>\n<p>Com dedica\u00e7\u00e3o, amor e respeito a aqueles que buscam realizar os seus mais desejados e inusitados sonhos, concebemos uma forma diferenciada de receber e ouvir nossos clientes, para dar solu\u00e7\u00f5es as suas vidas e aos seus investimentos, onde se cria algo personalizado somente para voc\u00ea, atrav\u00e9s de um contato direto e aberto chamado de simplifique.<\/p>\n<p>De forma onde dar resultado, esse \u00e9 o foco da opera\u00e7\u00e3o GP Noam LUXURY HOME, invertemos o sentido do neg\u00f3cio, iniciamos com a participa\u00e7\u00e3o direita dos nossos clientes, com um grupo de pessoas qualificadas para os ajudar na constru\u00e7\u00e3o do seu patrim\u00f4nio, voc\u00ea \u00e9 um LUXURY HOME porque voc\u00ea \u00e9 o construtor da sua vida, e n\u00f3s a m\u00e3o-de-obra dos seus sonhos.                    <\/div>\n                    <div class=\"clearfix\"><\/div>\n                <\/div>\n            <\/div>\n        <\/div>\n\t<\/div>\n\n[\/vc_column][\/vc_row][vc_row fullwidth=&#8221;yes&#8221; css=&#8221;.vc_custom_1442204650520{padding-top: 60px !important;padding-bottom: 60px !important;}&#8221; el_class=&#8221;call-to-action bg-color text-center&#8221;][vc_column]\t\t\t\n\t<!-- Element: OT Button --> \n\t\t\t<a href=\"\/contact\/\" target=\"_self\" class=\"btn btn-line-black btn-big  \">Fale Conosco<\/a>\n\t    \n[\/vc_column][\/vc_row]<\/p>\n<\/div>","protected":false},"excerpt":{"rendered":"<p>[vc_row fullwidth=&#8221;yes&#8221; css=&#8221;.vc_custom_1474447060420{background-position: 0 0 !important;background-repeat: no-repeat !important;}&#8221; el_class=&#8221;side-bg no-padding&#8221;][vc_column][\/vc_column][\/vc_row][vc_row fullwidth=&#8221;yes&#8221; css=&#8221;.vc_custom_1442204650520{padding-top: 60px !important;padding-bottom: 60px !important;}&#8221; el_class=&#8221;call-to-action bg-color text-center&#8221;][vc_column][\/vc_column][\/vc_row]<\/p>\n","protected":false},"author":1,"featured_media":0,"parent":0,"menu_order":0,"comment_status":"open","ping_status":"open","template":"page-templates\/template-fullwidth.php","meta":{"inline_featured_image":false,"ngg_post_thumbnail":0,"footnotes":""},"class_list":["post-229","page","type-page","status-publish","hentry"],"acf":[],"_links":{"self":[{"href":"https:\/\/noamconstrutora.com.br\/luxurious\/wp-json\/wp\/v2\/pages\/229","targetHints":{"allow":["GET"]}}],"collection":[{"href":"https:\/\/noamconstrutora.com.br\/luxurious\/wp-json\/wp\/v2\/pages"}],"about":[{"href":"https:\/\/noamconstrutora.com.br\/luxurious\/wp-json\/wp\/v2\/types\/page"}],"author":[{"embeddable":true,"href":"https:\/\/noamconstrutora.com.br\/luxurious\/wp-json\/wp\/v2\/users\/1"}],"replies":[{"embeddable":true,"href":"https:\/\/noamconstrutora.com.br\/luxurious\/wp-json\/wp\/v2\/comments?post=229"}],"version-history":[{"count":4,"href":"https:\/\/noamconstrutora.com.br\/luxurious\/wp-json\/wp\/v2\/pages\/229\/revisions"}],"predecessor-version":[{"id":1734,"href":"https:\/\/noamconstrutora.com.br\/luxurious\/wp-json\/wp\/v2\/pages\/229\/revisions\/1734"}],"wp:attachment":[{"href":"https:\/\/noamconstrutora.com.br\/luxurious\/wp-json\/wp\/v2\/media?parent=229"}],"curies":[{"name":"wp","href":"https:\/\/api.w.org\/{rel}","templated":true}]}}