{"id":966,"date":"2016-05-26T10:03:55","date_gmt":"2016-05-26T13:03:55","guid":{"rendered":"http:\/\/demo.oceanthemes.net\/archi\/?page_id=966"},"modified":"2022-09-02T17:55:17","modified_gmt":"2022-09-02T20:55:17","slug":"pagina-inicial","status":"publish","type":"page","link":"https:\/\/noamconstrutora.com.br\/luxurious\/","title":{"rendered":"P\u00e1gina Inicial"},"content":{"rendered":"<div class=\"wpb-content-wrapper\"><p>[vc_row fullwidth=&#8221;yes&#8221;][vc_column]\n\t\t\t<!-- START Home REVOLUTION SLIDER 6.7.18 --><p class=\"rs-p-wp-fix\"><\/p>\n\t\t\t<rs-module-wrap id=\"rev_slider_1_1_wrapper\" data-source=\"gallery\" style=\"visibility:hidden;background:transparent;padding:0;margin:0px auto;margin-top:0;margin-bottom:0;\">\n\t\t\t\t<rs-module id=\"rev_slider_1_1\" style=\"\" data-version=\"6.7.18\">\n\t\t\t\t\t<rs-slides style=\"overflow: hidden; position: absolute;\">\n\t\t\t\t\t\t<rs-slide style=\"position: absolute;\" data-key=\"rs-1\" data-title=\"Slide\" data-anim=\"adpr:false;\" data-in=\"o:0;\" data-out=\"a:false;\">\n\t\t\t\t\t\t\t<img decoding=\"async\" src=\"\/\/noamconstrutora.com.br\/luxurious\/wp-content\/plugins\/revslider\/sr6\/assets\/assets\/dummy.png\" alt=\"\" title=\"living-room-interior-wall-mockup-in-warm-tones-with-leather-sofa-which-is-behind-the-kitchen-3d-rendering\" width=\"2000\" height=\"1184\" class=\"rev-slidebg tp-rs-img rs-lazyload\" data-lazyload=\"\/\/nohanexclusive1.websiteseguro.com\/wp-content\/uploads\/2022\/08\/living-room-interior-wall-mockup-in-warm-tones-with-leather-sofa-which-is-behind-the-kitchen-3d-rendering.jpg\" data-no-retina>\n<!--\n\t\t\t\t\t\t\t--><rs-layer\n\t\t\t\t\t\t\t\tid=\"slider-1-slide-1-layer-0\" \n\t\t\t\t\t\t\t\tdata-type=\"image\"\n\t\t\t\t\t\t\t\tdata-bsh=\"c:rgba(20,20,20,0.77);\"\n\t\t\t\t\t\t\t\tdata-rsp_ch=\"on\"\n\t\t\t\t\t\t\t\tdata-xy=\"x:212px;y:214px;\"\n\t\t\t\t\t\t\t\tdata-text=\"w:normal;\"\n\t\t\t\t\t\t\t\tdata-dim=\"w:401px;h:131px;\"\n\t\t\t\t\t\t\t\tdata-frame_999=\"o:0;st:w;\"\n\t\t\t\t\t\t\t\tstyle=\"z-index:5;\"\n\t\t\t\t\t\t\t><img decoding=\"async\" src=\"\/\/noamconstrutora.com.br\/luxurious\/wp-content\/plugins\/revslider\/sr6\/assets\/assets\/dummy.png\" alt=\"\" class=\"tp-rs-img rs-lazyload\" width=\"1848\" height=\"604\" data-lazyload=\"\/\/noamconstrutora.com.br\/luxurious\/wp-content\/uploads\/2023\/09\/logonoamhorizontal.png\" data-no-retina> \n\t\t\t\t\t\t\t<\/rs-layer><!--\n-->\t\t\t\t\t<\/rs-slide>\n\t\t\t\t\t\t<rs-slide style=\"position: absolute;\" data-key=\"rs-2\" data-title=\"Slide\" data-anim=\"adpr:false;\" data-in=\"o:0;\" data-out=\"a:false;\">\n\t\t\t\t\t\t\t<img decoding=\"async\" src=\"\/\/noamconstrutora.com.br\/luxurious\/wp-content\/plugins\/revslider\/sr6\/assets\/assets\/dummy.png\" alt=\"\" title=\"beautiful-shot-of-a-modern-house-kitchen\" width=\"2000\" height=\"1335\" class=\"rev-slidebg tp-rs-img rs-lazyload\" data-lazyload=\"\/\/nohanexclusive1.websiteseguro.com\/wp-content\/uploads\/2022\/08\/beautiful-shot-of-a-modern-house-kitchen.jpg\" data-no-retina>\n<!---->\t\t\t\t\t<\/rs-slide>\n\t\t\t\t\t<\/rs-slides>\n\t\t\t\t<\/rs-module>\n\t\t\t\t<script>\n\t\t\t\t\tsetREVStartSize({c: 'rev_slider_1_1',rl:[1240,1024,778,480],el:[600],gw:[1240],gh:[600],type:'standard',justify:'',layout:'fullwidth',mh:\"0\"});if (window.RS_MODULES!==undefined && window.RS_MODULES.modules!==undefined && window.RS_MODULES.modules[\"revslider11\"]!==undefined) {window.RS_MODULES.modules[\"revslider11\"].once = false;window.revapi1 = undefined;if (window.RS_MODULES.checkMinimal!==undefined) window.RS_MODULES.checkMinimal()}\n\t\t\t\t<\/script>\n\t\t\t<\/rs-module-wrap>\n\t\t\t<!-- END REVOLUTION SLIDER -->\n[\/vc_column][\/vc_row][vc_row fullwidth=&#8221;yes&#8221;][vc_column]\t<!-- Element: OT Featured Boxes --> \n   \t<div class=\"display-table text-light\">\n               <div class=\"col-md-4 text-middle wow fadeInRight\" data-wow-delay=\"1s\" data-bgimage=\"url(https:\/\/noamconstrutora.com.br\/luxurious\/wp-content\/uploads\/2015\/07\/p2_a.jpg)\">\n            <div class=\"mask-overlay\"><\/div>\n            <div class=\"padding60 z-index-2\">\n                <h3>Miss\u00e3o<\/h3>                <p>Atender sonhos, desejos e realizar uma verdadeira transforma\u00e7\u00e3o completa no cen\u00e1rio da constru\u00e7\u00e3o.<br><br><\/p>                <a href=\"\/sobre-nos\/\" target=\"_self\" class=\"btn-line btn-fullwidth\">Ver Mais<\/a>            <\/div>\n         <\/div>\n               <div class=\"col-md-4 text-middle wow fadeInRight\" data-wow-delay=\"2s\" data-bgimage=\"url(https:\/\/noamconstrutora.com.br\/luxurious\/wp-content\/uploads\/2016\/11\/p3_b.jpg)\">\n            <div class=\"mask-overlay\"><\/div>\n            <div class=\"padding60 z-index-2\">\n                <h3>Vis\u00e3o<\/h3>                <p>Ser reconhecida na regi\u00e3o em que est\u00e1 instalada como refer\u00eancia na constru\u00e7\u00e3o civil.<br><br><br><\/p>                <a href=\"\/sobre-nos\/\" target=\"_self\" class=\"btn-line btn-fullwidth\">Ver Mais<\/a>            <\/div>\n         <\/div>\n               <div class=\"col-md-4 text-middle wow fadeInRight\" data-wow-delay=\"3s\" data-bgimage=\"url(https:\/\/noamconstrutora.com.br\/luxurious\/wp-content\/uploads\/2015\/07\/p4_a.jpg)\">\n            <div class=\"mask-overlay\"><\/div>\n            <div class=\"padding60 z-index-2\">\n                <h3>Valores<\/h3>                <p>- Contribuir com o desenvolvimento econ\u00f4mico-financeiro do pa\u00eds atrav\u00e9s da constru\u00e7\u00e3o civil;<br>\n- Ser ambientalmente eficiente ajudando o meio ambiente e o ecossistema; <\/p>                <a href=\"http:\/\/demo.archiwp.com\/services\/commercial-design\/\" target=\"_self\" class=\"btn-line btn-fullwidth\">Ver Mais<\/a>            <\/div>\n         <\/div>\n         <\/div>\n\n[\/vc_column][\/vc_row][vc_row fullwidth=&#8221;yes&#8221; css=&#8221;.vc_custom_1661813285163{padding-top: 10px !important;padding-bottom: 10px !important;background-color: #252525 !important;}&#8221;][vc_column]\n\t<!-- Element: OT Heading --> \t \n\t<h2 class=\"ot_custom_heading  \" style=\"text-align: center;\" >Empreendimentos<\/h2>\t\n  \n\n\t<!-- Element: OT Portfolio Category -->\n\t<div class=\"projects-grid-wrapper\">\n\t\t\n\t    <div class=\"projects-grid projects-load-ajax overlay_s1 portfolio_category pf_4_cols wow fadeInUp \" data-wow-delay=\".3s\" style=\"margin: -0px 0px\" >\n\t    \t<div class=\"project-item-sizer\"><\/div>\n\t                  \n\t        <!-- gallery item -->\n\t        <div class=\"project-item category-23 category-21 \" style=\"padding:0px\">\n\t        \t<div class=\"projects-box\">\n\t\t\t\t\t<div class=\"projects-thumbnail\">\n\t\t\t\t\t\t<img loading=\"lazy\" decoding=\"async\" width=\"640\" height=\"480\" src=\"https:\/\/noamconstrutora.com.br\/luxurious\/wp-content\/uploads\/2024\/08\/20240409011438758.jpg\" class=\"attachment-thumb-portfolio size-thumb-portfolio wp-post-image\" alt=\"\" srcset=\"https:\/\/noamconstrutora.com.br\/luxurious\/wp-content\/uploads\/2024\/08\/20240409011438758.jpg 640w, https:\/\/noamconstrutora.com.br\/luxurious\/wp-content\/uploads\/2024\/08\/20240409011438758-300x225.jpg 300w\" sizes=\"auto, (max-width: 640px) 100vw, 640px\" title=\"20240409011438758\" \/>\t\t\t\t\t<\/div>\t\t\t\t\t\t\t\n\t\t\t\t\t<a  href=\"https:\/\/noamconstrutora.com.br\/luxurious\/portfolio\/casa-na-regiao-de-alphaville\/\">\n\t\t\t\t\t\t<span class=\"project-overlay\">\n\t\t\t\t\t\t\t<span class=\"project-name id-color\">Casa na regi\u00e3o de Alphaville<\/span>\t\n\t\t\t\t\t\t<\/span>\n\t\t\t\t\t<\/a>\t\n\t\t\t\t<\/div>\n\t        <\/div>\n\t        <!-- close gallery item -->\n\t                 \n\t        <!-- gallery item -->\n\t        <div class=\"project-item category-23 \" style=\"padding:0px\">\n\t        \t<div class=\"projects-box\">\n\t\t\t\t\t<div class=\"projects-thumbnail\">\n\t\t\t\t\t\t<img loading=\"lazy\" decoding=\"async\" width=\"700\" height=\"466\" src=\"https:\/\/noamconstrutora.com.br\/luxurious\/wp-content\/uploads\/2015\/07\/pf-1.jpg\" class=\"attachment-thumb-portfolio size-thumb-portfolio wp-post-image\" alt=\"\" srcset=\"https:\/\/noamconstrutora.com.br\/luxurious\/wp-content\/uploads\/2015\/07\/pf-1.jpg 700w, https:\/\/noamconstrutora.com.br\/luxurious\/wp-content\/uploads\/2015\/07\/pf-1-300x200.jpg 300w\" sizes=\"auto, (max-width: 700px) 100vw, 700px\" title=\"pf (1)\" \/>\t\t\t\t\t<\/div>\t\t\t\t\t\t\t\n\t\t\t\t\t<a  href=\"https:\/\/noamconstrutora.com.br\/luxurious\/portfolio\/eco-green-interior\/\">\n\t\t\t\t\t\t<span class=\"project-overlay\">\n\t\t\t\t\t\t\t<span class=\"project-name id-color\">Teste de Portfolio<\/span>\t\n\t\t\t\t\t\t<\/span>\n\t\t\t\t\t<\/a>\t\n\t\t\t\t<\/div>\n\t        <\/div>\n\t        <!-- close gallery item -->\n\t                 \n\t        <!-- gallery item -->\n\t        <div class=\"project-item category-23 \" style=\"padding:0px\">\n\t        \t<div class=\"projects-box\">\n\t\t\t\t\t<div class=\"projects-thumbnail\">\n\t\t\t\t\t\t<img loading=\"lazy\" decoding=\"async\" width=\"700\" height=\"466\" src=\"https:\/\/noamconstrutora.com.br\/luxurious\/wp-content\/uploads\/2015\/07\/pf-4.jpg\" class=\"attachment-thumb-portfolio size-thumb-portfolio wp-post-image\" alt=\"\" srcset=\"https:\/\/noamconstrutora.com.br\/luxurious\/wp-content\/uploads\/2015\/07\/pf-4.jpg 700w, https:\/\/noamconstrutora.com.br\/luxurious\/wp-content\/uploads\/2015\/07\/pf-4-300x200.jpg 300w\" sizes=\"auto, (max-width: 700px) 100vw, 700px\" title=\"pf (4)\" \/>\t\t\t\t\t<\/div>\t\t\t\t\t\t\t\n\t\t\t\t\t<a  href=\"https:\/\/noamconstrutora.com.br\/luxurious\/portfolio\/youtube-video\/\">\n\t\t\t\t\t\t<span class=\"project-overlay\">\n\t\t\t\t\t\t\t<span class=\"project-name id-color\">Youtube Video<\/span>\t\n\t\t\t\t\t\t<\/span>\n\t\t\t\t\t<\/a>\t\n\t\t\t\t<\/div>\n\t        <\/div>\n\t        <!-- close gallery item -->\n\t                 \n\t        <!-- gallery item -->\n\t        <div class=\"project-item category-23 \" style=\"padding:0px\">\n\t        \t<div class=\"projects-box\">\n\t\t\t\t\t<div class=\"projects-thumbnail\">\n\t\t\t\t\t\t<img loading=\"lazy\" decoding=\"async\" width=\"700\" height=\"466\" src=\"https:\/\/noamconstrutora.com.br\/luxurious\/wp-content\/uploads\/2015\/07\/pf-71.jpg\" class=\"attachment-thumb-portfolio size-thumb-portfolio wp-post-image\" alt=\"\" srcset=\"https:\/\/noamconstrutora.com.br\/luxurious\/wp-content\/uploads\/2015\/07\/pf-71.jpg 700w, https:\/\/noamconstrutora.com.br\/luxurious\/wp-content\/uploads\/2015\/07\/pf-71-300x200.jpg 300w\" sizes=\"auto, (max-width: 700px) 100vw, 700px\" title=\"pf (7)\" \/>\t\t\t\t\t<\/div>\t\t\t\t\t\t\t\n\t\t\t\t\t<a  href=\"https:\/\/noamconstrutora.com.br\/luxurious\/portfolio\/summer-house\/\">\n\t\t\t\t\t\t<span class=\"project-overlay\">\n\t\t\t\t\t\t\t<span class=\"project-name id-color\">Summer House<\/span>\t\n\t\t\t\t\t\t<\/span>\n\t\t\t\t\t<\/a>\t\n\t\t\t\t<\/div>\n\t        <\/div>\n\t        <!-- close gallery item -->\n\t       \t    <\/div> \n\t<\/div>  \n\n[\/vc_column][\/vc_row][vc_row fullwidth=&#8221;yes&#8221; css=&#8221;.vc_custom_1661811866659{padding-top: 60px !important;padding-bottom: 60px !important;background-color: #ededed !important;}&#8221; el_class=&#8221;call-to-action bg-color text-center&#8221;][vc_column]\t\t\t\n\t<!-- Element: OT Button --> \n\t\t\t<a href=\"http:\/\/demo.archiwp.com\/contact\/\" target=\"_self\" class=\"btn btn-line-black btn-big  \">Fale Conosco<\/a>\n\t    \n[\/vc_column][\/vc_row][vc_row fullwidth=&#8221;yes&#8221; css=&#8221;.vc_custom_1661813285163{padding-top: 10px !important;padding-bottom: 10px !important;background-color: #252525 !important;}&#8221;][vc_column]\n\t<!-- Element: OT Heading --> \t \n\t<h2 class=\"ot_custom_heading  \" style=\"text-align: center;\" >Portfolio<\/h2>\t\n  \n\n\t<!-- Element: OT Portfolio Category -->\n\t<div class=\"projects-grid-wrapper\">\n\t\t\n\t    <div class=\"projects-grid projects-load-ajax overlay_s1 portfolio_category pf_5_cols wow fadeInUp \" data-wow-delay=\".3s\" style=\"margin: -4px 4px\" >\n\t    \t<div class=\"project-item-sizer\"><\/div>\n\t                  \n\t        <!-- gallery item -->\n\t        <div class=\"project-item category-23 category-21 \" style=\"padding:4px\">\n\t        \t<div class=\"projects-box\">\n\t\t\t\t\t<div class=\"projects-thumbnail\">\n\t\t\t\t\t\t<img loading=\"lazy\" decoding=\"async\" width=\"621\" height=\"466\" src=\"https:\/\/noamconstrutora.com.br\/luxurious\/wp-content\/uploads\/2024\/08\/20240409011438758.jpg\" class=\"attachment-700x466 size-700x466 wp-post-image\" alt=\"\" srcset=\"https:\/\/noamconstrutora.com.br\/luxurious\/wp-content\/uploads\/2024\/08\/20240409011438758.jpg 640w, https:\/\/noamconstrutora.com.br\/luxurious\/wp-content\/uploads\/2024\/08\/20240409011438758-300x225.jpg 300w\" sizes=\"auto, (max-width: 621px) 100vw, 621px\" title=\"20240409011438758\" \/>\t\t\t\t\t<\/div>\t\t\t\t\t\t\t\n\t\t\t\t\t<a  href=\"https:\/\/noamconstrutora.com.br\/luxurious\/portfolio\/casa-na-regiao-de-alphaville\/\">\n\t\t\t\t\t\t<span class=\"project-overlay\">\n\t\t\t\t\t\t\t<span class=\"project-name id-color\">Casa na regi\u00e3o de Alphaville<\/span>\t\n\t\t\t\t\t\t<\/span>\n\t\t\t\t\t<\/a>\t\n\t\t\t\t<\/div>\n\t        <\/div>\n\t        <!-- close gallery item -->\n\t                 \n\t        <!-- gallery item -->\n\t        <div class=\"project-item category-21 \" style=\"padding:4px\">\n\t        \t<div class=\"projects-box\">\n\t\t\t\t\t<div class=\"projects-thumbnail\">\n\t\t\t\t\t\t<img loading=\"lazy\" decoding=\"async\" width=\"700\" height=\"466\" src=\"https:\/\/noamconstrutora.com.br\/luxurious\/wp-content\/uploads\/2015\/07\/pf-2.jpg\" class=\"attachment-700x466 size-700x466 wp-post-image\" alt=\"\" srcset=\"https:\/\/noamconstrutora.com.br\/luxurious\/wp-content\/uploads\/2015\/07\/pf-2.jpg 700w, https:\/\/noamconstrutora.com.br\/luxurious\/wp-content\/uploads\/2015\/07\/pf-2-300x200.jpg 300w\" sizes=\"auto, (max-width: 700px) 100vw, 700px\" title=\"pf (2)\" \/>\t\t\t\t\t<\/div>\t\t\t\t\t\t\t\n\t\t\t\t\t<a  href=\"https:\/\/noamconstrutora.com.br\/luxurious\/portfolio\/modern-elegance-suite\/\">\n\t\t\t\t\t\t<span class=\"project-overlay\">\n\t\t\t\t\t\t\t<span class=\"project-name id-color\">Modern Elegance Suite<\/span>\t\n\t\t\t\t\t\t<\/span>\n\t\t\t\t\t<\/a>\t\n\t\t\t\t<\/div>\n\t        <\/div>\n\t        <!-- close gallery item -->\n\t                 \n\t        <!-- gallery item -->\n\t        <div class=\"project-item category-21 \" style=\"padding:4px\">\n\t        \t<div class=\"projects-box\">\n\t\t\t\t\t<div class=\"projects-thumbnail\">\n\t\t\t\t\t\t<img loading=\"lazy\" decoding=\"async\" width=\"700\" height=\"466\" src=\"https:\/\/noamconstrutora.com.br\/luxurious\/wp-content\/uploads\/2015\/07\/pf-3.jpg\" class=\"attachment-700x466 size-700x466 wp-post-image\" alt=\"\" srcset=\"https:\/\/noamconstrutora.com.br\/luxurious\/wp-content\/uploads\/2015\/07\/pf-3.jpg 700w, https:\/\/noamconstrutora.com.br\/luxurious\/wp-content\/uploads\/2015\/07\/pf-3-300x200.jpg 300w\" sizes=\"auto, (max-width: 700px) 100vw, 700px\" title=\"pf (3)\" \/>\t\t\t\t\t<\/div>\t\t\t\t\t\t\t\n\t\t\t\t\t<a  href=\"https:\/\/noamconstrutora.com.br\/luxurious\/portfolio\/apartment-renovation\/\">\n\t\t\t\t\t\t<span class=\"project-overlay\">\n\t\t\t\t\t\t\t<span class=\"project-name id-color\">Apartment Renovation<\/span>\t\n\t\t\t\t\t\t<\/span>\n\t\t\t\t\t<\/a>\t\n\t\t\t\t<\/div>\n\t        <\/div>\n\t        <!-- close gallery item -->\n\t                 \n\t        <!-- gallery item -->\n\t        <div class=\"project-item category-21 \" style=\"padding:4px\">\n\t        \t<div class=\"projects-box\">\n\t\t\t\t\t<div class=\"projects-thumbnail\">\n\t\t\t\t\t\t<img loading=\"lazy\" decoding=\"async\" width=\"700\" height=\"466\" src=\"https:\/\/noamconstrutora.com.br\/luxurious\/wp-content\/uploads\/2015\/07\/pf-11.jpg\" class=\"attachment-700x466 size-700x466 wp-post-image\" alt=\"\" srcset=\"https:\/\/noamconstrutora.com.br\/luxurious\/wp-content\/uploads\/2015\/07\/pf-11.jpg 700w, https:\/\/noamconstrutora.com.br\/luxurious\/wp-content\/uploads\/2015\/07\/pf-11-300x200.jpg 300w\" sizes=\"auto, (max-width: 700px) 100vw, 700px\" title=\"pf (11)\" \/>\t\t\t\t\t<\/div>\t\t\t\t\t\t\t\n\t\t\t\t\t<a  href=\"https:\/\/noamconstrutora.com.br\/luxurious\/portfolio\/classic-furnishing\/\">\n\t\t\t\t\t\t<span class=\"project-overlay\">\n\t\t\t\t\t\t\t<span class=\"project-name id-color\">Classic Furnishing<\/span>\t\n\t\t\t\t\t\t<\/span>\n\t\t\t\t\t<\/a>\t\n\t\t\t\t<\/div>\n\t        <\/div>\n\t        <!-- close gallery item -->\n\t       \t    <\/div> \n\t<\/div>  \n\n[\/vc_column][\/vc_row]<\/p>\n<\/div>","protected":false},"excerpt":{"rendered":"<p>[vc_row fullwidth=&#8221;yes&#8221;][vc_column][\/vc_column][\/vc_row][vc_row fullwidth=&#8221;yes&#8221;][vc_column][\/vc_column][\/vc_row][vc_row fullwidth=&#8221;yes&#8221; css=&#8221;.vc_custom_1661813285163{padding-top: 10px !important;padding-bottom: 10px !important;background-color: #252525 !important;}&#8221;][vc_column][\/vc_column][\/vc_row][vc_row fullwidth=&#8221;yes&#8221; css=&#8221;.vc_custom_1661811866659{padding-top: 60px !important;padding-bottom: 60px !important;background-color: #ededed !important;}&#8221; el_class=&#8221;call-to-action bg-color text-center&#8221;][vc_column][\/vc_column][\/vc_row][vc_row fullwidth=&#8221;yes&#8221; css=&#8221;.vc_custom_1661813285163{padding-top: 10px !important;padding-bottom: 10px !important;background-color: #252525 !important;}&#8221;][vc_column][\/vc_column][\/vc_row]<\/p>\n","protected":false},"author":1,"featured_media":0,"parent":0,"menu_order":0,"comment_status":"closed","ping_status":"closed","template":"page-templates\/template-canvas.php","meta":{"inline_featured_image":false,"ngg_post_thumbnail":0,"footnotes":""},"class_list":["post-966","page","type-page","status-publish","hentry"],"acf":[],"_links":{"self":[{"href":"https:\/\/noamconstrutora.com.br\/luxurious\/wp-json\/wp\/v2\/pages\/966","targetHints":{"allow":["GET"]}}],"collection":[{"href":"https:\/\/noamconstrutora.com.br\/luxurious\/wp-json\/wp\/v2\/pages"}],"about":[{"href":"https:\/\/noamconstrutora.com.br\/luxurious\/wp-json\/wp\/v2\/types\/page"}],"author":[{"embeddable":true,"href":"https:\/\/noamconstrutora.com.br\/luxurious\/wp-json\/wp\/v2\/users\/1"}],"replies":[{"embeddable":true,"href":"https:\/\/noamconstrutora.com.br\/luxurious\/wp-json\/wp\/v2\/comments?post=966"}],"version-history":[{"count":15,"href":"https:\/\/noamconstrutora.com.br\/luxurious\/wp-json\/wp\/v2\/pages\/966\/revisions"}],"predecessor-version":[{"id":1739,"href":"https:\/\/noamconstrutora.com.br\/luxurious\/wp-json\/wp\/v2\/pages\/966\/revisions\/1739"}],"wp:attachment":[{"href":"https:\/\/noamconstrutora.com.br\/luxurious\/wp-json\/wp\/v2\/media?parent=966"}],"curies":[{"name":"wp","href":"https:\/\/api.w.org\/{rel}","templated":true}]}}